{"id":45,"date":"2023-04-11T18:10:55","date_gmt":"2023-04-11T16:10:55","guid":{"rendered":"https:\/\/ambasciatapraga.esteri.it\/?page_id=45"},"modified":"2023-09-19T15:15:33","modified_gmt":"2023-09-19T07:15:33","slug":"diplomazia-scientifica","status":"publish","type":"page","link":"https:\/\/ambkualalumpur.esteri.it\/it\/italia-e-malesia\/diplomazia-scientifica\/","title":{"rendered":"Diplomazia scientifica"},"content":{"rendered":"<h4 style=\"text-align: justify;\">Cooperazione scientifica &#8211; Malaysia: considerazioni generali e rapporti S&amp;T con l\u2019Italia<\/h4>\n<article id=\"articolo_centro\" class=\"col-md-19 col-sm-19 padding_articolo item-page\" role=\"main\" aria-label=\"articolo\">\n<div style=\"text-align: justify;\">\n<p class=\"boxLevel03\"><strong>Considerazioni generali<\/strong><\/p>\n<p><strong>Ricchezza<\/strong>: Il GDP (IMF 2020) ammonta a 0.34 miliardi di USD (36\u00b0 paese al mondo) con una forte crescita negli ultimi 5 anni di circa il 5% all\u2019anno, salvo un arretramento nell\u2019ultimo anno causa pandemia. Negli ultimi 20 anni la Malaysia ha conosciuto un forte sviluppo economico, trasformandosi da paese in via di sviluppo ad uno dei paesi pi\u00f9 ricchi del sud-est asiatico, non pi\u00f9 dipendente soltanto dalla produzione ed esportazione di materie prime. Con la nuova politica economica (NPE), la Malaysia \u00e8 diventata un leader mondiale nella produzione di componenti elettronici e primo paese del sud.-est asiatico per l\u2019assemblaggio e l\u2019esportazione di autoveicoli. La Digital Free Trade Zone creata nel 2016 si rivolge ad aziende attive nell\u2019e-commerce.<\/p>\n<p><strong>Popolazione<\/strong>: La popolazione \u00e8 di circa 32 milioni di persone e di queste quasi un quarto vive nell\u2019area metropolitana di Kuala Lumpur.<\/p>\n<p><strong>Index of Innovation<\/strong>: nel Global Innovation Index 2020 la Malaysia \u00e8 in risalita al 33\u00b0 posto mondiale, ma \u00e8 al 2\u00b0 posto mondiale nella cosiddetta fascia dei paesi del mondo con la cosiddetta \u201cMiddle-Up economy\u201d. Rispetto all\u2019Human Development Index \u00e8 al 62\u00b0 posto (ma al 5\u00b0 considerando solo i paesi asiatici, dopo Korea, Giappone, Singapore e Cina). Anche nel campo delle startup la capitale Kuala Lumpur, con oltre 500 startups, si posiziona molto bene nell\u2019ambito degli ecosistemi emergenti (database GENOME).<\/p>\n<p><strong>R&amp;D<\/strong>:buoni sono gliinvestimenti pubblici e privati in R&amp;D (circa lo 1.3% del GDP, simile a quello dell\u2019Italia) che la pongono al 23\u00b0 posto al mondo rispetto al GDP. Principali settori della ricerca sono Ingegneria e ICT ma buona \u00e8 la frazione dedicata anche alla ricerca di base (quasi il 40%). Ci sono circa 2500 ricercatori per milione di abitanti (numero anche questo simile a quello dell\u2019Italia) che corrisponde al 36\u00b0 posto al mondo.<\/p>\n<p><strong>Educazione Superiore e Universitaria<\/strong> : nei PISA test 2018 (Programme for International Student Assessment) sugli studenti delle scuole superiori, la Malesia ha ottenuto le seguenti posizioni: 47\u00b0 matematica, 48\u00b0 scienze e 56\u00b0 lettura. In campo accademico le Universit\u00e0 malesi stanno emergendo rapidamente nel panorama internazionale. Fra queste eccelle la Universiti Malaya (UM) che ha raggiunto il 70\u00b0 posto mondiale nel ranking QS 2020. Ottime anche sono Universiti Putra Malaysia (UPM), Universiti Kebangsaan Malaysia (UKM), Universiti Sains Malaysia (USM) e Universiti Teknologi Malaysia tutte con un ranking fra circa il 150\u00b0 e il 200\u00b0 posto.<\/p>\n<p><strong>Enti di Ricerca<\/strong>: numerosi sono gli enti di ricerca governativi. Fra i pi\u00f9 importanti si segnalano Institute for Medical Research (IMR), Malaysian Space Agency (MYSA), Malaysian Nuclear Energy (MNE), Malaysian Science and technology Information Center (MASTIC), Technology Park Malaysia (TPM), Malaysian Institute of Microelectronic Systems (MIMOS) e diversi istituti dedicati alle foreste, alla natura e ai prodotti locali tipo olio di palma, gomma e altro.<\/p>\n<p><strong>Laureati in discipline S&amp;T<\/strong> <em>(in percentuale rispetto al numero dei laureati)<\/em>: 6\u00b0 posto al mondo.<\/p>\n<p><strong>Rapporti S&amp;T con l\u2019Italia<\/strong><\/p>\n<p><strong>Accordo e P.E.<\/strong>: non esiste un accordo scientifico e tecnologico fra Italia e Malaysia ma solo un accordo culturale entrato in vigore nel Novembre 2000. C\u2019\u00e8 un interesse malese a negoziare un MoU di collaborazione nel campo educativo ma che potrebbe includere anche il settore clima e ambiente.<\/p>\n<p><strong>Rapporti Accademici e Scientifici<\/strong>:per quanto riguarda la cooperazione accademica in ambito scientifico e tecnologico, sono attualmente in vigore, secondo il database CINECA, circa 12 accordi in tematiche STEM (su 16 in totale) che vedono coinvolti atenei italiani (Universit\u00e0 di Firenze, Messina, Parma, Pisa, Roma3, Salerno, del Sannio, Sassari, Udine e Venezia) e malesi. Molti accordi sono siglati nel triennio 2017-2019 pre-pandemico. La presenza di ricercatori e docenti italiani \u00e8 attualmente ancora piuttosto scarsa.<\/p>\n<p><strong>Accordi Industriali S&amp;T<\/strong>: Accordo fra la Altec e Space Venture siglato nel 2015 a Torino per instaurare una cooperazione nel settore della microgravit\u00e0, turismo e trasporto spaziale.<\/p>\n<p><strong>Altri Accordi<\/strong>: Accordo fra Politecnico di Torino e la locale UPM che ha costituito MICEMS, centro di eccellenza Malaysia\/Italia per le ricerche nel settore matematico (visita delll\u2019ex-rettore del Politecnico di Torino, Marco Gilli, nel 2017).<\/p>\n<p>Recentemente, la Malaysia ha aderito al Protocollo di Madrid, sulle protezioni ambientali per l\u2019Antartico.<\/p>\n<p>E\u2019 in corso di negoziazione un possibile accordo nel campo dell\u2019aerospazio fra ASI e la citata MYSA.<\/p>\n<p>Esiste anche una avviata e proficua collaborazione fra la Universiti Kuala Lumpur, dove e\u2019 istituto l\u2019Istituto Italo-Malese di Design (MIDI \u2013 Malaysian Italian Design Institute) ed il Politecnico di Milano e Torino e l\u2019Universit\u00e0 di Bologna, tale collaborazione non \u00e8 per\u00f2 formalizzata in MoU.<\/p>\n<p><strong>Imprese italiane in S&amp;T<\/strong>: Tra i comparti, considerati prioritari dalle Autorit\u00e0 malesi, che potrebbero offrire opportunit\u00e0 alle imprese italiane nel campo S&amp;T, ci sono l\u2019oil&amp;gas, l\u2019energia, l\u2019aerospazio, l\u2019elettronica. Negli ultimi anni il numero di aziende italiane operanti in Malesia \u00e8 aumentato considerevolmente e conta oggi pi\u00f9 di cento aziende. Tra le principali si segnalano ATB Riva Calzoni, Erca, Galperti, Leonardo, Maccaferri, Magneti Marelli, Maire Tecnimont, Mapei, Marelli Motori, Nuovo Pignone, Saipem, ST Microeletronics.<\/p>\n<\/div>\n<div class=\"row\" style=\"text-align: justify;\"><\/div>\n<\/article>\n","protected":false},"excerpt":{"rendered":"Cooperazione scientifica &#8211; Malaysia: considerazioni generali e rapporti S&amp;T con l\u2019Italia Considerazioni generali Ricchezza: Il GDP (IMF 2020) ammonta a 0.34 miliardi di USD (36\u00b0 paese al mondo) con una forte crescita negli ultimi 5 anni di circa il 5% all\u2019anno, salvo un arretramento nell\u2019ultimo anno causa pandemia. Negli ultimi 20 anni la Malaysia ha [&hellip;]","protected":false},"author":1,"featured_media":0,"parent":14,"menu_order":4,"comment_status":"closed","ping_status":"closed","template":"","meta":{"footnotes":""},"class_list":["post-45","page","type-page","status-publish","hentry"],"_links":{"self":[{"href":"https:\/\/ambkualalumpur.esteri.it\/it\/wp-json\/wp\/v2\/pages\/45","targetHints":{"allow":["GET"]}}],"collection":[{"href":"https:\/\/ambkualalumpur.esteri.it\/it\/wp-json\/wp\/v2\/pages"}],"about":[{"href":"https:\/\/ambkualalumpur.esteri.it\/it\/wp-json\/wp\/v2\/types\/page"}],"author":[{"embeddable":true,"href":"https:\/\/ambkualalumpur.esteri.it\/it\/wp-json\/wp\/v2\/users\/1"}],"replies":[{"embeddable":true,"href":"https:\/\/ambkualalumpur.esteri.it\/it\/wp-json\/wp\/v2\/comments?post=45"}],"version-history":[{"count":4,"href":"https:\/\/ambkualalumpur.esteri.it\/it\/wp-json\/wp\/v2\/pages\/45\/revisions"}],"predecessor-version":[{"id":329,"href":"https:\/\/ambkualalumpur.esteri.it\/it\/wp-json\/wp\/v2\/pages\/45\/revisions\/329"}],"up":[{"embeddable":true,"href":"https:\/\/ambkualalumpur.esteri.it\/it\/wp-json\/wp\/v2\/pages\/14"}],"wp:attachment":[{"href":"https:\/\/ambkualalumpur.esteri.it\/it\/wp-json\/wp\/v2\/media?parent=45"}],"curies":[{"name":"wp","href":"https:\/\/api.w.org\/{rel}","templated":true}]}}