{"id":42,"date":"2023-04-11T18:08:31","date_gmt":"2023-04-11T16:08:31","guid":{"rendered":"https:\/\/ambasciatapraga.esteri.it\/?page_id=42"},"modified":"2025-08-18T12:19:58","modified_gmt":"2025-08-18T04:19:58","slug":"la-rete-consolare","status":"publish","type":"page","link":"https:\/\/ambkualalumpur.esteri.it\/it\/chi-siamo\/la-rete-consolare\/","title":{"rendered":"La Rete Consolare"},"content":{"rendered":"<p><strong>Ufficio Consolare dell&#8217;Ambasciata d&#8217;Italia a Kuala Lumpur<\/strong><\/p>\n<p>La competenza dell&#8217;Ambasciata d&#8217;Italia\u00a0in materia consolare si estende su tutto il territorio della Malaysia.<\/p>\n<p>L&#8217;Ufficio Consolare \u00e8 aperto al pubblico\u00a0 dalle 9.00 alle 13.00 dal luned\u00ec al gioved\u00ec ed il venerd\u00ec dalle 9.00 alle 12.00.<\/p>\n<p>&nbsp;<\/p>\n<p><strong>Consolato Onorario d&#8217;Italia a Kota Kinabalu<\/strong><\/p>\n<p>Il Console Onorario presta ai connazionali presenti nello Stato del Sabah un ampio numero di servizi consolari, elencato nel relativo <a href=\"https:\/\/ambkualalumpur.esteri.it\/wp-content\/uploads\/2025\/07\/6948660DLF_CO_Nardone_Kota_Kinabalufirmato.pdf\"><u>Decreto di limitazione delle funzioni consolari<\/u><\/a>.<\/p>\n<p>Gli Uffici del Console Onorario sono situati in Kota Kinabalu, Hse N. 10 Lorong Raja Udang 16, Kingfisher Park 2, 88450.c<\/p>\n<p>Gli Uffici del Console Onorario sono aperti al pubblico il marted\u00ec e il gioved\u00ec dalle ore 9.30 alle ore 11.30.<\/p>\n<p>E-mail: <a href=\"mailto:kota.onorario@esteri.it\">kota.onorario@esteri.it<\/a><\/p>\n<p>Telefono: +60 88394688<\/p>\n","protected":false},"excerpt":{"rendered":"Ufficio Consolare dell&#8217;Ambasciata d&#8217;Italia a Kuala Lumpur La competenza dell&#8217;Ambasciata d&#8217;Italia\u00a0in materia consolare si estende su tutto il territorio della Malaysia. L&#8217;Ufficio Consolare \u00e8 aperto al pubblico\u00a0 dalle 9.00 alle 13.00 dal luned\u00ec al gioved\u00ec ed il venerd\u00ec dalle 9.00 alle 12.00. &nbsp; Consolato Onorario d&#8217;Italia a Kota Kinabalu Il Console Onorario presta ai connazionali [&hellip;]","protected":false},"author":1,"featured_media":0,"parent":13,"menu_order":8,"comment_status":"closed","ping_status":"closed","template":"","meta":{"footnotes":""},"class_list":["post-42","page","type-page","status-publish","hentry"],"_links":{"self":[{"href":"https:\/\/ambkualalumpur.esteri.it\/it\/wp-json\/wp\/v2\/pages\/42","targetHints":{"allow":["GET"]}}],"collection":[{"href":"https:\/\/ambkualalumpur.esteri.it\/it\/wp-json\/wp\/v2\/pages"}],"about":[{"href":"https:\/\/ambkualalumpur.esteri.it\/it\/wp-json\/wp\/v2\/types\/page"}],"author":[{"embeddable":true,"href":"https:\/\/ambkualalumpur.esteri.it\/it\/wp-json\/wp\/v2\/users\/1"}],"replies":[{"embeddable":true,"href":"https:\/\/ambkualalumpur.esteri.it\/it\/wp-json\/wp\/v2\/comments?post=42"}],"version-history":[{"count":6,"href":"https:\/\/ambkualalumpur.esteri.it\/it\/wp-json\/wp\/v2\/pages\/42\/revisions"}],"predecessor-version":[{"id":3003,"href":"https:\/\/ambkualalumpur.esteri.it\/it\/wp-json\/wp\/v2\/pages\/42\/revisions\/3003"}],"up":[{"embeddable":true,"href":"https:\/\/ambkualalumpur.esteri.it\/it\/wp-json\/wp\/v2\/pages\/13"}],"wp:attachment":[{"href":"https:\/\/ambkualalumpur.esteri.it\/it\/wp-json\/wp\/v2\/media?parent=42"}],"curies":[{"name":"wp","href":"https:\/\/api.w.org\/{rel}","templated":true}]}}