{"id":41,"date":"2023-04-11T18:07:19","date_gmt":"2023-04-11T16:07:19","guid":{"rendered":"https:\/\/ambasciatapraga.esteri.it\/?page_id=41"},"modified":"2023-09-13T16:50:06","modified_gmt":"2023-09-13T08:50:06","slug":"numeri-di-emergenza","status":"publish","type":"page","link":"https:\/\/ambkualalumpur.esteri.it\/it\/chi-siamo\/numeri-di-emergenza\/","title":{"rendered":"Numeri di emergenza"},"content":{"rendered":"<p>In caso di effettive e gravi emergenze che coinvolgano <strong>esclusivamente cittadini italiani<\/strong> \u00e8 disponibile il seguente recapito di cellulare:<\/p>\n<p><strong>+60 12 3821200<\/strong><\/p>\n<p>Esso \u00e8 attivo:<\/p>\n<p>&#8211; dal luned\u00ec al gioved\u00ec dalle 18.00 alle 22.00<br \/>\n&#8211; venerd\u00ec dalle 13.00 alle 22.00<br \/>\n&#8211; sabato, domenica e festivi dalle 9.00 alle 22.00<\/p>\n<p>L&#8217;indirizzo di posta elettronica kualalumpur.emergenza@esteri.it <strong>\u00e8 attivo esclusivamente per le comunicazioni di emergenza e riservato ai cittadini italiani negli orari di chiusura degli uffici consolari e durante il fine settimana.<\/strong><\/p>\n<p>Al di fuori di detti orari \u00e8 possibile contattare l&#8217;Unit\u00e0 di Crisi del Ministero degli affari esteri e della cooperazione internazionale al numero <strong>+39 06 36225 attivo 24h\/24.<\/strong><\/p>\n","protected":false},"excerpt":{"rendered":"In caso di effettive e gravi emergenze che coinvolgano esclusivamente cittadini italiani \u00e8 disponibile il seguente recapito di cellulare: +60 12 3821200 Esso \u00e8 attivo: &#8211; dal luned\u00ec al gioved\u00ec dalle 18.00 alle 22.00 &#8211; venerd\u00ec dalle 13.00 alle 22.00 &#8211; sabato, domenica e festivi dalle 9.00 alle 22.00 L&#8217;indirizzo di posta elettronica kualalumpur.emergenza@esteri.it \u00e8 [&hellip;]","protected":false},"author":1,"featured_media":0,"parent":13,"menu_order":6,"comment_status":"closed","ping_status":"closed","template":"","meta":{"footnotes":""},"class_list":["post-41","page","type-page","status-publish","hentry"],"_links":{"self":[{"href":"https:\/\/ambkualalumpur.esteri.it\/it\/wp-json\/wp\/v2\/pages\/41","targetHints":{"allow":["GET"]}}],"collection":[{"href":"https:\/\/ambkualalumpur.esteri.it\/it\/wp-json\/wp\/v2\/pages"}],"about":[{"href":"https:\/\/ambkualalumpur.esteri.it\/it\/wp-json\/wp\/v2\/types\/page"}],"author":[{"embeddable":true,"href":"https:\/\/ambkualalumpur.esteri.it\/it\/wp-json\/wp\/v2\/users\/1"}],"replies":[{"embeddable":true,"href":"https:\/\/ambkualalumpur.esteri.it\/it\/wp-json\/wp\/v2\/comments?post=41"}],"version-history":[{"count":5,"href":"https:\/\/ambkualalumpur.esteri.it\/it\/wp-json\/wp\/v2\/pages\/41\/revisions"}],"predecessor-version":[{"id":276,"href":"https:\/\/ambkualalumpur.esteri.it\/it\/wp-json\/wp\/v2\/pages\/41\/revisions\/276"}],"up":[{"embeddable":true,"href":"https:\/\/ambkualalumpur.esteri.it\/it\/wp-json\/wp\/v2\/pages\/13"}],"wp:attachment":[{"href":"https:\/\/ambkualalumpur.esteri.it\/it\/wp-json\/wp\/v2\/media?parent=41"}],"curies":[{"name":"wp","href":"https:\/\/api.w.org\/{rel}","templated":true}]}}