{"id":39,"date":"2023-04-11T17:55:33","date_gmt":"2023-04-11T15:55:33","guid":{"rendered":"https:\/\/ambasciatapraga.esteri.it\/?page_id=39"},"modified":"2025-07-30T15:29:43","modified_gmt":"2025-07-30T07:29:43","slug":"la-sede","status":"publish","type":"page","link":"https:\/\/ambkualalumpur.esteri.it\/it\/chi-siamo\/la-sede\/","title":{"rendered":"La Sede"},"content":{"rendered":"<p style=\"text-align: justify;\">L\u2019Ambasciata d\u2019Italia ha sede in Jalan Penggawa (tra Jalan Ampang Hilir e Jalan U Thant) al numero 7, in un quartiere che tradizionalmente ospita la grande maggioranza delle rappresentanze diplomatiche in Kuala Lumpur, nel cuore di uno dei quartieri pi\u00f9 eleganti e prestigiosi della capitale.<\/p>\n<p><img loading=\"lazy\" decoding=\"async\" class=\"alignnone wp-image-2945 img-fluid\" src=\"https:\/\/ambkualalumpur.esteri.it\/wp-content\/uploads\/2025\/07\/Foto-Ambasciata-dallalto-300x169.jpeg\" alt=\"\" width=\"318\" height=\"179\" srcset=\"https:\/\/ambkualalumpur.esteri.it\/wp-content\/uploads\/2025\/07\/Foto-Ambasciata-dallalto-300x169.jpeg 300w, https:\/\/ambkualalumpur.esteri.it\/wp-content\/uploads\/2025\/07\/Foto-Ambasciata-dallalto-1024x576.jpeg 1024w, https:\/\/ambkualalumpur.esteri.it\/wp-content\/uploads\/2025\/07\/Foto-Ambasciata-dallalto-768x432.jpeg 768w, https:\/\/ambkualalumpur.esteri.it\/wp-content\/uploads\/2025\/07\/Foto-Ambasciata-dallalto.jpeg 1920w\" sizes=\"auto, (max-width: 318px) 100vw, 318px\" \/>\u00a0 \u00a0<img loading=\"lazy\" decoding=\"async\" class=\"img-fluid alignnone wp-image-2947 \" src=\"https:\/\/ambkualalumpur.esteri.it\/wp-content\/uploads\/2025\/07\/Foto-Ambasciata-da-davanti-300x169.jpeg\" alt=\"Sede dell'Ambasciata d'Italia a Kuala Lumpur, Malaysia\" width=\"318\" height=\"179\" srcset=\"https:\/\/ambkualalumpur.esteri.it\/wp-content\/uploads\/2025\/07\/Foto-Ambasciata-da-davanti-300x169.jpeg 300w, https:\/\/ambkualalumpur.esteri.it\/wp-content\/uploads\/2025\/07\/Foto-Ambasciata-da-davanti-1024x576.jpeg 1024w, https:\/\/ambkualalumpur.esteri.it\/wp-content\/uploads\/2025\/07\/Foto-Ambasciata-da-davanti-768x432.jpeg 768w, https:\/\/ambkualalumpur.esteri.it\/wp-content\/uploads\/2025\/07\/Foto-Ambasciata-da-davanti.jpeg 1920w\" sizes=\"auto, (max-width: 318px) 100vw, 318px\" \/><\/p>\n<p style=\"text-align: justify;\">L\u2019asse viario di grande scorrimento che attraversa la zona, la Jalan Ampang, \u00e8 appunto soprannominato \u201cEmbassy Row\u201d per via della presenza di rappresentante diplomatiche di molti Paesi che vi si affacciano su entrambi i lati.<\/p>\n<p style=\"text-align: justify;\">La Residenza dell\u2019Ambasciatore \u00e8 situata lungo la stessa via, a breve distanza dall\u2019Ambasciata.<\/p>\n<div style=\"text-align: justify;\" align=\"justify\"><strong><strong>Come raggiungerci<\/strong><\/strong><\/div>\n<div style=\"text-align: justify;\" align=\"justify\">La sede dell\u2019Ambasciata, ancorch\u00e9 a breve distanza dal centro della citt\u00e0 e non lontano dalle Petronas Towers, non \u00e8 tuttavia raggiungibile con i mezzi pubblici.<\/div>\n<div align=\"justify\"><\/div>\n<div align=\"justify\">\n<p style=\"text-align: justify;\">Dal momento che le possibilit\u00e0 di parcheggio nelle vicinanze sono limitate, si raccomanda vivamente di usufruire dei servizi di e-hailing.<\/p>\n<\/div>\n","protected":false},"excerpt":{"rendered":"L\u2019Ambasciata d\u2019Italia ha sede in Jalan Penggawa (tra Jalan Ampang Hilir e Jalan U Thant) al numero 7, in un quartiere che tradizionalmente ospita la grande maggioranza delle rappresentanze diplomatiche in Kuala Lumpur, nel cuore di uno dei quartieri pi\u00f9 eleganti e prestigiosi della capitale. \u00a0 \u00a0 L\u2019asse viario di grande scorrimento che attraversa la [&hellip;]","protected":false},"author":1,"featured_media":0,"parent":13,"menu_order":2,"comment_status":"closed","ping_status":"closed","template":"","meta":{"footnotes":""},"class_list":["post-39","page","type-page","status-publish","hentry"],"_links":{"self":[{"href":"https:\/\/ambkualalumpur.esteri.it\/it\/wp-json\/wp\/v2\/pages\/39","targetHints":{"allow":["GET"]}}],"collection":[{"href":"https:\/\/ambkualalumpur.esteri.it\/it\/wp-json\/wp\/v2\/pages"}],"about":[{"href":"https:\/\/ambkualalumpur.esteri.it\/it\/wp-json\/wp\/v2\/types\/page"}],"author":[{"embeddable":true,"href":"https:\/\/ambkualalumpur.esteri.it\/it\/wp-json\/wp\/v2\/users\/1"}],"replies":[{"embeddable":true,"href":"https:\/\/ambkualalumpur.esteri.it\/it\/wp-json\/wp\/v2\/comments?post=39"}],"version-history":[{"count":7,"href":"https:\/\/ambkualalumpur.esteri.it\/it\/wp-json\/wp\/v2\/pages\/39\/revisions"}],"predecessor-version":[{"id":2953,"href":"https:\/\/ambkualalumpur.esteri.it\/it\/wp-json\/wp\/v2\/pages\/39\/revisions\/2953"}],"up":[{"embeddable":true,"href":"https:\/\/ambkualalumpur.esteri.it\/it\/wp-json\/wp\/v2\/pages\/13"}],"wp:attachment":[{"href":"https:\/\/ambkualalumpur.esteri.it\/it\/wp-json\/wp\/v2\/media?parent=39"}],"curies":[{"name":"wp","href":"https:\/\/api.w.org\/{rel}","templated":true}]}}