{"id":297,"date":"2023-09-18T14:26:31","date_gmt":"2023-09-18T06:26:31","guid":{"rendered":"https:\/\/ambkualalumpur.esteri.it\/?page_id=297"},"modified":"2025-12-22T15:05:01","modified_gmt":"2025-12-22T07:05:01","slug":"orari-degli-uffici","status":"publish","type":"page","link":"https:\/\/ambkualalumpur.esteri.it\/it\/chi-siamo\/gli-uffici\/orari-degli-uffici\/","title":{"rendered":"Orari degli Uffici"},"content":{"rendered":"<div>\n<p><strong>Giorni e orari di apertura al pubblico<\/strong><\/p>\n<p>L&#8217;Ambasciata \u00e8 aperta dal luned\u00ec al venerd\u00ec con i seguenti orari di ricevimento al pubblico:<br \/>\n<strong>&#8211; dal luned\u00ec al gioved\u00ec dalle 9.00 alle 13.00.<\/strong><br \/>\n<strong>&#8211; Venerd\u00ec dalle 9.00 alle 12.00.<\/strong><\/p>\n<p>Per motivi di carattere amministrativo, l&#8217;ufficio consolare resta chiuso al pubblico l&#8217;ultimo giorno lavorativo di ogni trimestre (marzo, giugno, settembre, dicembre).<\/p>\n<\/div>\n<p>L&#8217;Ambasciata rimarr\u00e0 <strong>chiusa<\/strong> per le seguenti festivit\u00e0 nel <strong>2026<\/strong>:<br \/>\n1 gennaio Capodanno<br \/>\n17 febbraio Capodanno cinese<br \/>\n20 marzo Hari Raya<br \/>\n6 aprile Luned\u00ec dell&#8217;Angelo<br \/>\n25 aprile Anniversario della Liberazione<br \/>\n1 maggio Festa del Lavoro<br \/>\n2 giugno Festa della Repubblica<br \/>\n31 agosto Festa Indipendenza malese (Merdeka)<br \/>\n16 settembre Malaysia Day<br \/>\n8 novembre Deepavali<br \/>\n25 dicembre Natale<\/p>\n<p>&nbsp;<\/p>\n","protected":false},"excerpt":{"rendered":"Giorni e orari di apertura al pubblico L&#8217;Ambasciata \u00e8 aperta dal luned\u00ec al venerd\u00ec con i seguenti orari di ricevimento al pubblico: &#8211; dal luned\u00ec al gioved\u00ec dalle 9.00 alle 13.00. &#8211; Venerd\u00ec dalle 9.00 alle 12.00. Per motivi di carattere amministrativo, l&#8217;ufficio consolare resta chiuso al pubblico l&#8217;ultimo giorno lavorativo di ogni trimestre (marzo, [&hellip;]","protected":false},"author":6,"featured_media":0,"parent":40,"menu_order":0,"comment_status":"closed","ping_status":"closed","template":"","meta":{"footnotes":""},"class_list":["post-297","page","type-page","status-publish","hentry"],"_links":{"self":[{"href":"https:\/\/ambkualalumpur.esteri.it\/it\/wp-json\/wp\/v2\/pages\/297","targetHints":{"allow":["GET"]}}],"collection":[{"href":"https:\/\/ambkualalumpur.esteri.it\/it\/wp-json\/wp\/v2\/pages"}],"about":[{"href":"https:\/\/ambkualalumpur.esteri.it\/it\/wp-json\/wp\/v2\/types\/page"}],"author":[{"embeddable":true,"href":"https:\/\/ambkualalumpur.esteri.it\/it\/wp-json\/wp\/v2\/users\/6"}],"replies":[{"embeddable":true,"href":"https:\/\/ambkualalumpur.esteri.it\/it\/wp-json\/wp\/v2\/comments?post=297"}],"version-history":[{"count":7,"href":"https:\/\/ambkualalumpur.esteri.it\/it\/wp-json\/wp\/v2\/pages\/297\/revisions"}],"predecessor-version":[{"id":3409,"href":"https:\/\/ambkualalumpur.esteri.it\/it\/wp-json\/wp\/v2\/pages\/297\/revisions\/3409"}],"up":[{"embeddable":true,"href":"https:\/\/ambkualalumpur.esteri.it\/it\/wp-json\/wp\/v2\/pages\/40"}],"wp:attachment":[{"href":"https:\/\/ambkualalumpur.esteri.it\/it\/wp-json\/wp\/v2\/media?parent=297"}],"curies":[{"name":"wp","href":"https:\/\/api.w.org\/{rel}","templated":true}]}}