{"id":280,"date":"2023-09-14T15:35:32","date_gmt":"2023-09-14T07:35:32","guid":{"rendered":"https:\/\/ambkualalumpur.esteri.it\/?page_id=280"},"modified":"2026-01-15T12:56:46","modified_gmt":"2026-01-15T04:56:46","slug":"aire","status":"publish","type":"page","link":"https:\/\/ambkualalumpur.esteri.it\/it\/servizi-consolari-e-visti\/servizi-per-il-cittadino-italiano\/aire\/","title":{"rendered":"AIRE"},"content":{"rendered":"<div>\n<p>L&#8217;iscrizione all&#8217;AIRE si deve richiedere tramite il portale &#8220;Fast It&#8221; Servizi Consolari Online, previa registrazione dell&#8217;utente al seguente link:\u00a0<a href=\"https:\/\/serviziconsolari.esteri.it\/home\">https:\/\/serviziconsolari.esteri.it\/home<\/a><\/p>\n<p><strong>Istruzioni pratiche<\/strong><\/p>\n<p><strong>Il portale pu\u00f2 essere utilizzato anche da cittadini che<\/strong><strong>\u00a0non abbiano mai ottenuto un servizio consolare a Kuala Lumpur e che non siano mai stati iscritti nello schedario della Sede.<\/strong><\/p>\n<p>Nelle more dei continui aggiornamenti tecnici del portale stesso, si specifica che <strong>coloro che provengono dall&#8217;Italia<\/strong> (prima iscrizione AIRE) devono attualmente seguire la procedura indicata\u00a0alla voce\u00a0&#8220;Richiedere l&#8217;Iscrizione all&#8217; anagrafe degli italiani all&#8217;estero&#8221;.<\/p>\n<p>Il portale consente\u00a0infatti \u00a0la <strong>&#8220;comunicazione della variazione della residenza&#8221;<\/strong>, ma essa permette al cittadino di comunicare all&#8217;ufficio consolare di appartenenza l&#8217;eventuale <strong>cambio di indirizzo nella stessa circoscrizione consolare<\/strong> (Esempio: da Kuala Lumpur a Johor Bahru, dal quartiere di Bangsar al quartiere di Mont Kiara,\u00a0ecc.) ed <strong>anche coloro che si trasferiscano in Malesia provenienti da altra circoscrizione\/Sede consolare<\/strong> (es. trasferimento da Nizza a Kuala Lumpur).<\/p>\n<p><strong>Quali sono i documenti necessari per usufruire del portale &#8220;Fast It&#8221; ?<\/strong><\/p>\n<p>a) copia del passaporto italiano in corso di validita&#8217;, inserendo la\u00a0scansione delle pagine contenenti la foto, la firma, la\u00a0residenza\u00a0e l&#8217;autorita&#8217; di rilascio;<\/p>\n<p>b) prova della stabile e legale residenza all&#8217;estero, ovvero: copia del permesso di soggiorno e\/o del visto apposto dalle autorita&#8217; malesi sul passaporto, avente validita&#8217; di almeno 12 mesi;<\/p>\n<p>c) nel caso di iscrizione di altri familiari, andranno caricati i documenti di ciascun familiare (pagine di cui al sopracitato punto a), anche se straniero.<\/p>\n<p>Nel caso di doppia nazionalita&#8217; e qualora il permesso di soggiorno\/visto malese fosse apposto sul documento straniero, sara&#8217; necessario accludere la scansione delle pagine del passaporto come sopra indicate al punto a), nonche&#8217; del permesso di soggiorno\/visto.<\/p>\n<p>Per coloro che fossero titolari del visto <strong>Malaysia My Second Home (MM2H<\/strong>), sara&#8217; altresi&#8217; necessario includere la scansione dei seguenti ulteriori documenti:<\/p>\n<ul>\n<li>copia del contratto di locazione \/acquisto dell&#8217;immobile;<\/li>\n<li>copia delle utenze domestiche a se&#8217; intestate;<\/li>\n<li>copia della lettera delle Autorita&#8217; malesi relativa alla concessione del visto MM2H.<\/li>\n<\/ul>\n<p><strong>Cambio residenza nella stessa circoscrizione<\/strong>:<\/p>\n<p>\u2022 copia del passaporto italiano in corso di validit\u00e0 (come sopra -punto a);<br \/>\n\u2022 copia del permesso di soggiorno e\/o del visto apposto dalle autorita&#8217; malesi sul passaporto, valido per almeno 12 mesi (vedi sopra punto b).<\/p>\n<p>In caso di <strong>familiari dichiarati come residenti all&#8217;estero<\/strong>, la richiesta di iscrizione \u00e8 presentata dal cittadino italiano anche per gli altri componenti della famiglia che vivono allo stesso indirizzo (ad esempio: il coniuge, i figli minori). Andranno dunque caricati anche\u00a0i \u00a0documenti di ciascun componente del nucleo familiare come specificati\u00a0ai punti a e b.<\/p>\n<p>\u00c8 comunque consigliabile che tutti i componenti maggiorenni della famiglia compilino un modello di iscrizione per consentire l&#8217;invio di dati pi\u00f9 completi al competente Comune in Italia.<\/p>\n<p>Anche in caso di <strong>coniuge straniero<\/strong> \u00e8\u00a0necessario allegare fotocopia del documento d&#8217;identit\u00e0 dello stesso (passaporto &#8211; pagine di cui al punto a e b sopra indicato).<\/p>\n<p><strong>Le richieste che non rispettino i criteri indicati saranno rifiutate dall&#8217;operatore<\/strong>.<\/p>\n<p>Le pratiche avviate attraverso &#8220;Fast It&#8221; sono consultabili on-line, ed \u00e8 cura del singolo cittadino accedere con la propria utenza e password per conoscerne lo stato.<\/p>\n<p>In caso di problemi tecnici, non essendo possibile fornire assistenza personalizzata, la richiesta di iscrizione anagrafica dovr\u00e0 essere inviata per e-mail.<\/p>\n<p>&nbsp;<\/p>\n<p><span style=\"text-decoration: underline;\"><strong>ISTRUZIONI PRATICHE<\/strong><\/span><\/p>\n<p><strong>PRIMO PASSO: Registrati<\/strong><\/p>\n<ul>\n<li>Si dovr\u00e0 confermare il possesso della cittadinanza italiana.<\/li>\n<li>Sar\u00e0 necessario indicare un indirizzo mail e una password (da un minimo di 8 caratteri ad un massimo di 16, perlomeno una lettera maiuscola, un numero e un carattere speciale).<\/li>\n<li>Qualora gia&#8217; in possesso di credenziali d&#8217;acceso\u00a0al servizio &#8220;Prenota on Line&#8221;, sara&#8217; possibile effettuare il log in riutilizzando i medesimi dati.<\/li>\n<\/ul>\n<p><strong>SECONDO PASSO: Attiva l&#8217;account<\/strong><br \/>\nSi ricever\u00e0 una mail all\u2019indirizzo indicato, chiedendo di attivare l\u2019account (cliccare sul link di ATTIVAZIONE UTENZA).Qualora l\u2019account non sia attivato entro 72 ore, dovr\u00e0 essere richiesto un nuovo codice di attivazione (INVIO NUOVO CODICE DI ATTIVAZIONE).<\/p>\n<p><strong>TERZO PASSO: Compila la richiesta<\/strong><br \/>\nDopo aver attivato l\u2019account, si dovr\u00e0 accedere al sistema per compilare la richiesta di iscrizione AIRE on line (ANAGRAFE CONSOLARE E AIRE), allegando i documenti di cui sopra.<\/p>\n<p>Per iniziare la procedura accedere al portale Fast It cliccando sul seguente link: <a href=\"https:\/\/serviziconsolarionline.esteri.it\">https:\/\/serviziconsolarionline.esteri.it<\/a><\/p>\n<p>&nbsp;<\/p>\n<p><strong>IMPORTANTE: PIN<\/strong>&#8211; Si informa che il numero PIN richiamato nel portale \u201cFast It\u201d non \u00e9 necessario per la richiesta di iscrizione all&#8217;A.I.R.E.<\/p>\n<p>Si precisa inoltre che le funzioni del portale che necessitano del PIN non sono ancora state abilitate dal Ministero degli Affari Esteri e della Cooperazione Internazionale.<\/p>\n<p>Si specifica che non \u00e8 possibile per gli utenti generare autonomamente il proprio PIN e che questa Ambasciata pubblicher\u00e0 sulla home page del proprio sito web un avviso specifico relativo al rilascio del PIN, non appena questo servizio sar\u00e0 reso disponibile.<\/p>\n<p>ATTENZIONE! Aprire e leggere attentamente i due allegati seguenti, contenenti INFORMAZIONI ASSOLUTAMENTE NECESSARIE per la corretta registrazione e per la successiva compilazione della domanda di iscrizione AIRE sul portale Fast It.<br \/>\nSi precisa che NON sono accettati i caratteri speciali (es. ~ \/ \u00e7) e NESSUN TIPO DI ACCENTO (^\u00b4 &#8216; )<\/p>\n<p>\u2022 <a href=\"https:\/\/ambkualalumpur.esteri.it\/ambasciata_kualaLumpur\/resource\/doc\/2018\/10\/registrazione.pdf\">Istruzioni &#8220;REGISTRAZIONE&#8221;<\/a><\/p>\n<p>\u2022 <a href=\"https:\/\/ambkualalumpur.esteri.it\/ambasciata_kualaLumpur\/resource\/doc\/2018\/10\/richiesta_iscrizione.pdf\">Istruzioni &#8220;RICHIESTA&#8221;<\/a><\/p>\n<p><strong>PRECISAZIONI su INSERIMENTO\u00a0INDIRIZZO MALESE<\/strong><\/p>\n<p>Si attira l&#8217;attenzione sull&#8217;importanza dicompilare i campi relativi all&#8217;indirizzo di residenza in Malesia nel seguente formato e nel seguente\u00a0ordine :<\/p>\n<p><em>Indirizzo: 1. numero di appartamento, 2. nome del condominio, 3. numero civico e nome della via, 4. nome del quartiere\/zona della citta&#8217;. Esempio : Sig. XXX XXXX, Apt o Unit 31\/01- Block XX,\u00a0&#8220;XXX&#8221; Condo, 2A Jalan XXXXX, Bangsar<\/em><\/p>\n<p><em>Localita&#8217;: indicare il comune\/la citta&#8217; di residenza<\/em><\/p>\n<p><strong>IMPORTANTE<\/strong><\/p>\n<p>Una volta ricevuta la e-mail di conferma di iscrizione nello Schedario Consolare da parte dell&#8217;Ufficio Anagrafe di questa Ambasciata, l&#8217;interessato potr\u00e0 procedere con la richiesta di eventuali servizi consolari, indipendentemente dallo status &#8220;in lavorazione&#8221; che potrebbe risultare nell&#8217;applicativo \u201cFast It\u201d.<\/p>\n<p>Si ricorda che il termine massimo di legge per la lavorazione delle pratiche di iscrizione\/aggiornamento AIRE \u00e9 di 180 giorni a partire dalla presentazione della domanda completa di tutti i documenti necessari. Una volta esperiti i controlli da parte dell&#8217;ufficio consolare, l\u2019utente ricever\u00e0 una e-mail di conclusione del procedimento.<\/p>\n<p>Qualora la domanda risulti incompleta, la richiesta di documenti integrativi e di eventuali ulteriori informazioni verr\u00e0 effettuata direttamente agli interessati.<\/p>\n<p><strong>Si sottolinea che la procedura di registrazione AIRE offerta da &#8220;Fast It&#8221; non \u00e8 l&#8217;iscrizione all&#8217;AIRE, bens\u00ec una modalit\u00e0 automatizzata che riduce al minimo errori di digitazione o l&#8217;invio di domande incomplete.<\/strong><\/p>\n<p>Il portale \u00e8 in continua evoluzione e a breve offrir\u00e0 numerosi altri servizi online.<\/p>\n<p>&nbsp;<\/p>\n<p><strong>POSSIBILIT\u00c0 DI ACCEDERE AI SERVIZI CONSOLARI ONLINE CON LE CREDENZIALI DEL SISTEMA PUBBLICO DI IDENTIT\u00c0 DIGITALE (SPID)<br \/>\n<\/strong><\/p>\n<p>A partire dai prossimi mesi, gli italiani residenti all\u2019estero che vorranno usufruire di uno dei servizi offerti dalla <a href=\"https:\/\/serviziconsolari.esteri.it\/ScoFE\/index.sco\">piattaforma FAST IT<\/a> potranno scegliere se registrarsi ex novo al sito, o &#8211; per chi avesse gi\u00e0 un\u2019identit\u00e0 SPID &#8211; saltare la fase di registrazione e accedere ai servizi cliccando sul tasto \u201cSPID\u201d presente sulla homepage e fornendo le relative credenziali.<\/p>\n<p>Gli italiani all\u2019estero possono chiedere un\u2019identit\u00e0 SPID (Sistema Pubblico per le Identit\u00e0 Digitale) ad uno degli Identity Provider accreditati tra: Aruba, Infocert, Intesa, Namirial, Poste, Register, Sielte, Time o Lepida, fornendo un numero di cellulare, un indirizzo di posta elettronica, un documento di identit\u00e0 valido e un documento che certifichi il codice fiscale (tra questi, il certificato prodotto dall&#8217;Agenzia delle Entrate contenente il codice fiscale, vidimato dall&#8217;Ufficio consolare).<\/p>\n<p>La procedura per l\u2019ottenimento delle credenziali SPID da parte degli italiani all\u2019estero sono indicate (e costantemente aggiornate) sul sito: <a href=\"https:\/\/www.spid.gov.it\/domande-frequenti\">https:\/\/www.spid.gov.it\/domande-frequenti<\/a> (alla voce \u201cPu\u00f2 avere SPID anche un cittadino italiano residente all\u2019estero?\u201d).<\/p>\n<p>&nbsp;<\/p>\n<p><strong>MODIFICA DECORRENZA ISCRIZIONE<\/strong><\/p>\n<p>Il Decreto Legge 25 marzo 2019 n. 22 (c.d. &#8220;Decreto Brexit&#8221;), entrato in vigore il 26 marzo scorso, contiene all&#8217;art. 16, comma 3, la seguente disposizione, <strong>inserita al fine di rendere pi\u00f9 spedita e pi\u00f9 certa la decorrenza dell&#8217;iscrizione AIRE:<\/strong> &#8220;All&#8217;articolo 6 della legge 27 ottobre 1988, n. 470, dopo il comma 9 \u00e8 aggiunto il seguente:<br \/>\n\u201c9-bis. Gli effetti della dichiarazione resa all&#8217;ufficio consolare, ai sensi dei commi 1 e 3, hanno decorrenza dalla data di presentazione della stessa, qualora non sia stata gi\u00e0 resa la dichiarazione di trasferimento di residenza all&#8217;estero presso il comune di ultima residenza, a norma della vigente legislazione anagrafica.\u201d L&#8217;articolo 7 del decreto del Presidente della Repubblica 6 settembre 1989, n. 323, \u00e8 abrogato. Le dichiarazioni di cui al presente comma presentate anteriormente alla data di entrata in vigore del presente decreto e non ancora ricevute dall&#8217;ufficiale di anagrafe hanno decorrenza dalla medesima data&#8221;.<\/p>\n<p>In conseguenza delle novit\u00e0 introdotte, tutte le iscrizioni AIRE, effettuate dai Comuni in base a domande presentate agli uffici consolari a partire dal 26 marzo u.s., avranno dunque decorrenza dalla data di presentazione della domanda, purch\u00e9 completa. La norma prevede altres\u00ec che la decorrenza dell&#8217;iscrizione per tutte le domande presentate prima del 26.03.2019, non ancora trasmesse ai Comuni, sia invece fissata al 26 marzo u.s..<\/p>\n<p>Si sottolinea che, in tal modo, la decorrenza dell&#8217;iscrizione all&#8217;anagrafe degli italiani all&#8217;estero dal momento della domanda allinea il regime applicabile ai connazionali all&#8217;estero a quello gi\u00e0 previsto per le iscrizioni nell&#8217;anagrafe della popolazione residente in Italia.<\/p>\n<\/div>\n","protected":false},"excerpt":{"rendered":"L&#8217;iscrizione all&#8217;AIRE si deve richiedere tramite il portale &#8220;Fast It&#8221; Servizi Consolari Online, previa registrazione dell&#8217;utente al seguente link:\u00a0https:\/\/serviziconsolari.esteri.it\/home Istruzioni pratiche Il portale pu\u00f2 essere utilizzato anche da cittadini che\u00a0non abbiano mai ottenuto un servizio consolare a Kuala Lumpur e che non siano mai stati iscritti nello schedario della Sede. Nelle more dei continui aggiornamenti [&hellip;]","protected":false},"author":6,"featured_media":0,"parent":47,"menu_order":0,"comment_status":"closed","ping_status":"closed","template":"","meta":{"footnotes":""},"class_list":["post-280","page","type-page","status-publish","hentry"],"_links":{"self":[{"href":"https:\/\/ambkualalumpur.esteri.it\/it\/wp-json\/wp\/v2\/pages\/280","targetHints":{"allow":["GET"]}}],"collection":[{"href":"https:\/\/ambkualalumpur.esteri.it\/it\/wp-json\/wp\/v2\/pages"}],"about":[{"href":"https:\/\/ambkualalumpur.esteri.it\/it\/wp-json\/wp\/v2\/types\/page"}],"author":[{"embeddable":true,"href":"https:\/\/ambkualalumpur.esteri.it\/it\/wp-json\/wp\/v2\/users\/6"}],"replies":[{"embeddable":true,"href":"https:\/\/ambkualalumpur.esteri.it\/it\/wp-json\/wp\/v2\/comments?post=280"}],"version-history":[{"count":3,"href":"https:\/\/ambkualalumpur.esteri.it\/it\/wp-json\/wp\/v2\/pages\/280\/revisions"}],"predecessor-version":[{"id":3431,"href":"https:\/\/ambkualalumpur.esteri.it\/it\/wp-json\/wp\/v2\/pages\/280\/revisions\/3431"}],"up":[{"embeddable":true,"href":"https:\/\/ambkualalumpur.esteri.it\/it\/wp-json\/wp\/v2\/pages\/47"}],"wp:attachment":[{"href":"https:\/\/ambkualalumpur.esteri.it\/it\/wp-json\/wp\/v2\/media?parent=280"}],"curies":[{"name":"wp","href":"https:\/\/api.w.org\/{rel}","templated":true}]}}