{"id":133,"date":"2023-09-04T13:11:08","date_gmt":"2023-09-04T11:11:08","guid":{"rendered":"https:\/\/ambkualalumpur.esteri.it\/?page_id=133"},"modified":"2025-11-26T10:09:18","modified_gmt":"2025-11-26T02:09:18","slug":"bandi-di-concorso","status":"publish","type":"page","link":"https:\/\/ambkualalumpur.esteri.it\/it\/amministrazione-trasparente\/bandi-di-concorso\/","title":{"rendered":"Avviso di assunzione"},"content":{"rendered":"<p style=\"text-align: justify;\"><strong>2025 &#8211; AVVISO DI ASSUNZIONE DI UN (1) IMPIEGATO A CONTRATTO DA ADIBIRE AL SERVIZIO DI COLLABORATORE AMMINISTRATIVO NEL SETTORE TRADUZIONE-INTERPRETARIATO\u00a0<\/strong><\/p>\n<p><a href=\"https:\/\/ambkualalumpur.esteri.it\/wp-content\/uploads\/2025\/07\/Avviso-di-assunzione.pdf\">Avviso di assunzione<\/a><\/p>\n<p><a href=\"https:\/\/ambkualalumpur.esteri.it\/wp-content\/uploads\/2025\/07\/Domanda-di-partecipazione.pdf\">Domanda di partecipazione<\/a><\/p>\n<p><a href=\"https:\/\/ambkualalumpur.esteri.it\/wp-content\/uploads\/2025\/08\/6.-Dichiarazione-insussistenza-cause-incompatibilita-CUALBU.pdf\">Dichiarazione insussistenza cause incompatibilit\u00e0 CUALBU<\/a><\/p>\n<p><a href=\"https:\/\/ambkualalumpur.esteri.it\/wp-content\/uploads\/2025\/08\/7.-Dichiarazione-insussistenza-cause-incompatibilita-DI-LULLO.pdf\">Dichiarazione insussistenza cause incompatibilit\u00e0 DI LULLO<\/a><\/p>\n<p><a href=\"https:\/\/ambkualalumpur.esteri.it\/wp-content\/uploads\/2025\/08\/8.-Dichiarazione-insussistenza-cause-di-incompatibilita-BOSCARO.pdf\">Dichiarazione insussistenza cause di incompatibilit\u00e0 BOSCARO<\/a><\/p>\n<p><a href=\"https:\/\/ambkualalumpur.esteri.it\/wp-content\/uploads\/2025\/08\/10.-Calendario-prove.pdf\">Calendario prove<\/a><\/p>\n<p><a href=\"https:\/\/ambkualalumpur.esteri.it\/wp-content\/uploads\/2025\/10\/11.-Calendario-prove-rettifica-data.pdf\">Calendario prove (rettifica date)<\/a><\/p>\n<p>Prima prova scritta: <a href=\"https:\/\/ambkualalumpur.esteri.it\/wp-content\/uploads\/2025\/10\/Traccia-numero-uno.pdf\">traccia 1<\/a> &#8211; <a href=\"https:\/\/ambkualalumpur.esteri.it\/wp-content\/uploads\/2025\/10\/Traccia-numero-due.pdf\">traccia 2<\/a> &#8211; <a href=\"https:\/\/ambkualalumpur.esteri.it\/wp-content\/uploads\/2025\/10\/Traccia-numero-tre-tema-sorteggiato.pdf\">traccia 3 [tema sorteggiato]<\/a><\/p>\n<p>Seconda priva scritta: <a href=\"https:\/\/ambkualalumpur.esteri.it\/wp-content\/uploads\/2025\/10\/Traccia-numero-uno-1.pdf\">traccia 1<\/a> &#8211; <a href=\"https:\/\/ambkualalumpur.esteri.it\/wp-content\/uploads\/2025\/10\/Traccia-numero-due-tema-sorteggiato.pdf\">traccia 2 [tema sorteggiato]<\/a> &#8211; <a href=\"https:\/\/ambkualalumpur.esteri.it\/wp-content\/uploads\/2025\/10\/Traccia-numero-tre.pdf\">traccia 3<\/a><\/p>\n<p><a href=\"https:\/\/ambkualalumpur.esteri.it\/wp-content\/uploads\/2025\/10\/19.-Graduatoria-finale-degli-idonei.pdf\">Graduatoria finale degli idonei<\/a><\/p>\n<p>&nbsp;<\/p>\n<p><strong>2024 &#8211; NON RISULTANO DATI DA PUBBLICARE<\/strong><\/p>\n<p><strong>2023 &#8211; NON RISULTANO DATI DA PUBBLICARE<\/strong><\/p>\n<p>&nbsp;<\/p>\n<p><strong>2022 &#8211; BANDO DI SELEZIONE PER L&#8217;ASSUNZIONE DI UN IMPIEGATO A CONTRATTO DA ADIBIRE AL SERVIZIO DI COLLABORAZIONE AMMINISTRATIVA NEL SETTORE COMMERCIALE<\/strong><\/p>\n<p><a href=\"https:\/\/ambkualalumpur.esteri.it\/wp-content\/uploads\/2024\/08\/Avviso-siglato-e-firmato-da-Ambasciatore-e-traduzione-in-inglese-timbrato.pdf\">Bando di selezione &#8211; Notice of employment<\/a><\/p>\n<p><a href=\"https:\/\/ambkualalumpur.esteri.it\/wp-content\/uploads\/2024\/08\/Application-concorso.pdf\">Domanda di partecipazione &#8211; Application form<\/a><\/p>\n<p><a href=\"https:\/\/ambkualalumpur.esteri.it\/wp-content\/uploads\/2024\/08\/Verbale-2-Calendario-delle-prove-desame.pdf\">Verbale 2 Calendario delle prove d&#8217;esame <\/a><\/p>\n<p><a href=\"https:\/\/ambkualalumpur.esteri.it\/wp-content\/uploads\/2024\/08\/Minutes-2-Courtesy-translation.pdf\">Verbale 2 Calendar of the examination schedule\/timing -courtesy translation<\/a><\/p>\n<p><a href=\"https:\/\/ambkualalumpur.esteri.it\/wp-content\/uploads\/2024\/08\/Graduatoria-finale-degli-idonei-2022.pdf\">Graduatoria finale degli idonei<\/a><\/p>\n<p>&nbsp;<\/p>\n<p><strong>2019 &#8211; BANDO DI SELEZIONE PER L&#8217;ASSUNZIONE DI UN IMPIEGATO A CONTRATTO DA ADIBIRE AL SERVIZIO DI COLLABORAZIONE AMMINISTRATIVA NEL SETTORE COMMERCIALE<\/strong><\/p>\n<p><a href=\"https:\/\/ambkualalumpur.esteri.it\/wp-content\/uploads\/2024\/08\/Avviso-di-assunzione_2019_notice_of_employment_.pdf\">Bando di selezione &#8211; Notice of employment<\/a><\/p>\n<p><a href=\"https:\/\/ambkualalumpur.esteri.it\/wp-content\/uploads\/2024\/08\/domanda-application_form.pdf\">Domanda di partecipazione &#8211; Application form<\/a><\/p>\n<p><a href=\"https:\/\/ambkualalumpur.esteri.it\/wp-content\/uploads\/2024\/08\/VERBALE-2-CALENDARIO-DELLE-PROVE-DESAME-1.pdf\">Verbale 2 Calendario delle prove d&#8217;esame<\/a><\/p>\n<p><a href=\"https:\/\/ambkualalumpur.esteri.it\/wp-content\/uploads\/2024\/08\/Graduatoria-Finale-degli-Idonei.pdf\">Graduatoria finale degli idonei<\/a><\/p>\n<p>&nbsp;<\/p>\n<p>&nbsp;<\/p>\n","protected":false},"excerpt":{"rendered":"2025 &#8211; AVVISO DI ASSUNZIONE DI UN (1) IMPIEGATO A CONTRATTO DA ADIBIRE AL SERVIZIO DI COLLABORATORE AMMINISTRATIVO NEL SETTORE TRADUZIONE-INTERPRETARIATO\u00a0 Avviso di assunzione Domanda di partecipazione Dichiarazione insussistenza cause incompatibilit\u00e0 CUALBU Dichiarazione insussistenza cause incompatibilit\u00e0 DI LULLO Dichiarazione insussistenza cause di incompatibilit\u00e0 BOSCARO Calendario prove Calendario prove (rettifica date) Prima prova scritta: traccia 1 [&hellip;]","protected":false},"author":1,"featured_media":0,"parent":35,"menu_order":4,"comment_status":"closed","ping_status":"closed","template":"","meta":{"footnotes":""},"class_list":["post-133","page","type-page","status-publish","hentry"],"_links":{"self":[{"href":"https:\/\/ambkualalumpur.esteri.it\/it\/wp-json\/wp\/v2\/pages\/133","targetHints":{"allow":["GET"]}}],"collection":[{"href":"https:\/\/ambkualalumpur.esteri.it\/it\/wp-json\/wp\/v2\/pages"}],"about":[{"href":"https:\/\/ambkualalumpur.esteri.it\/it\/wp-json\/wp\/v2\/types\/page"}],"author":[{"embeddable":true,"href":"https:\/\/ambkualalumpur.esteri.it\/it\/wp-json\/wp\/v2\/users\/1"}],"replies":[{"embeddable":true,"href":"https:\/\/ambkualalumpur.esteri.it\/it\/wp-json\/wp\/v2\/comments?post=133"}],"version-history":[{"count":8,"href":"https:\/\/ambkualalumpur.esteri.it\/it\/wp-json\/wp\/v2\/pages\/133\/revisions"}],"predecessor-version":[{"id":3337,"href":"https:\/\/ambkualalumpur.esteri.it\/it\/wp-json\/wp\/v2\/pages\/133\/revisions\/3337"}],"up":[{"embeddable":true,"href":"https:\/\/ambkualalumpur.esteri.it\/it\/wp-json\/wp\/v2\/pages\/35"}],"wp:attachment":[{"href":"https:\/\/ambkualalumpur.esteri.it\/it\/wp-json\/wp\/v2\/media?parent=133"}],"curies":[{"name":"wp","href":"https:\/\/api.w.org\/{rel}","templated":true}]}}