{"id":1677,"date":"2024-01-25T11:41:45","date_gmt":"2024-01-25T03:41:45","guid":{"rendered":"https:\/\/ambkualalumpur.esteri.it\/servizi-consolari-e-visti\/servizi-per-il-cittadino-italiano\/carta-didentita-elettronica\/"},"modified":"2025-11-18T12:15:58","modified_gmt":"2025-11-18T04:15:58","slug":"carta-didentita-elettronica","status":"publish","type":"page","link":"https:\/\/ambkualalumpur.esteri.it\/en\/servizi-consolari-e-visti\/servizi-per-il-cittadino-italiano\/carta-didentita-elettronica\/","title":{"rendered":"Carta d&#8217;Identit\u00e0 Elettronica CIE"},"content":{"rendered":"<p>A partire dal gennaio 2024 \u00e8 possibile prenotare l\u2019appuntamento per la richiesta di Carta di d\u2019identit\u00e0 elettronica (CIE) in formato tessera plastificata seguendo la procedura sotto descritta. La CIE \u00e8 emessa dal Ministero dell\u2019Interno e spedita dall\u2019Italia.<\/p>\n<p><strong>1) Che cos\u2019\u00e8 la carta d\u2019identit\u00e0 elettronica?<\/strong><br \/>\nLa carta d\u2019identit\u00e0 \u00e8 un documento personale di riconoscimento valido per identificarsi e circolare nell\u2019Unione Europea, in alcuni Stati aderenti all\u2019accordo di Schengen (ad es. Islanda, Norvegia e Svizzera) e in altri Stati con cui sono stati raggiunti accordi bilaterali (vedasi le singole \u201cschede Paese\u201d sul sito <a href=\"http:\/\/www.viaggiaresicuri.it\">www.viaggiaresicuri.it<\/a>).<br \/>\nLa carta d\u2019identit\u00e0 elettronica (CIE) \u00e8 la nuova carta d\u2019identit\u00e0 in formato tessera plastificata; oltre a svolgere le stesse funzioni di quella cartacea, consente di accedere ai servizi online delle Pubbliche Amministrazioni italiane.<\/p>\n<p><strong>2) A chi pu\u00f2 essere rilasciata la carta d\u2019identit\u00e0 elettronica?<\/strong><br \/>\nL\u2019Ambasciata d\u2019Italia a Kuala Lumpur pu\u00f2 rilasciare la carta d\u2019identit\u00e0 <strong>esclusivamente ai cittadini italiani regolarmente residenti in questa circoscrizione consolare, gi\u00e0 registrati nello schedario consolare e i cui dati anagrafici siano gi\u00e0 presenti nel registro A.I.R.E. (Anagrafe degli Italiani Residenti all\u2019Estero).<\/strong><br \/>\nChi non \u00e8 registrato all\u2019A.I.R.E. dovr\u00e0 prima regolarizzare la propria iscrizione anagrafica tramite il portale <a href=\"https:\/\/serviziconsolari.esteri.it\/ScoFE\/index.sco\"><strong>FAST IT<\/strong><\/a> ed attendere, prima di poter far domanda, di essere inserito in tale registro da parte del Comune italiano competente (per i cittadini non iscritti all\u2019A.I.R.E., la competenza al rilascio della carta d\u2019identit\u00e0 rimane al Comune italiano di residenza ufficiale).<br \/>\nNel caso si sia cambiato indirizzo di residenza (rispetto a quello comunicato in precedenza all\u2019Ufficio consolare), \u00e8 necessario chiedere la variazione di indirizzo tramite il portale <a href=\"https:\/\/serviziconsolari.esteri.it\/ScoFE\/index.sco\"><strong>FAST IT<\/strong><\/a> prima di procedere alla prenotazione.<br \/>\nAi fini della registrazione nella banca dati A.I.R.E. \u00e8 indispensabile, per i cittadini italiani nati all\u2019estero, <strong>che l\u2019atto di nascita risulti gi\u00e0 trascritto nei registri di Stato Civile del Comune di riferimento.<\/strong><\/p>\n<p><strong>3) Quando si pu\u00f2 richiedere?<\/strong><br \/>\nLa CIE viene rilasciata:<br \/>\n\u2022 in sostituzione di una carta di identit\u00e0 cartacea valida;<br \/>\n\u2022 a chi non sia in possesso di un\u2019altra carta d\u2019identit\u00e0 valida;<br \/>\n\u2022 in caso di furto, smarrimento o deterioramento della carta precedente (in questi casi si paga la tariffa DUPLICATO).<br \/>\nQuesto Ufficio canceller\u00e0 d\u2019ufficio eventuali appuntamenti che non rispettino tali requisiti.<\/p>\n<p><strong>4) Come si richiede la carta d\u2019identit\u00e0 elettronica (CIE)?<\/strong><br \/>\n\u2022 La richiesta della carta d\u2019identit\u00e0 elettronica deve essere presentata utilizzando esclusivamente la piattaforma <a href=\"https:\/\/prenotami.esteri.it\/\"><strong>Prenot@mi<\/strong> <\/a><br \/>\n\u2022 Inviare il formulario di richiesta (scarica il form per adulti \u2013 minorenni) e copia fronte retro della carta d\u2019identit\u00e0 in uso <strong>prima dell\u2019appuntamento<\/strong> all\u2019indirizzo email <a href=\"ambkualalumpur.consolare@esteri.it\">ambkualalumpur.consolare@esteri.it<\/a><\/p>\n<p><strong>Modulistica:<\/strong><br \/>\n1) <a href=\"https:\/\/ambkualalumpur.esteri.it\/wp-content\/uploads\/2024\/01\/Modulo-CIE.docx\"><strong>Modulo Richiesta Emissione CIE per Adulti<\/strong><\/a><br \/>\n2) <a href=\"https:\/\/ambkualalumpur.esteri.it\/wp-content\/uploads\/2024\/02\/Modulo-CIE-Minore.docx\"><strong>Modulo Richiesta Emissione CIE per Figli Minore<\/strong><\/a><br \/>\n3) <a href=\"https:\/\/ambkualalumpur.esteri.it\/wp-content\/uploads\/2024\/01\/Denuncia_smarrimento_furto.pdf\"><strong>Modulo smarrimento\/furto CIC\/CIE<\/strong><\/a><br \/>\n4) <a href=\"https:\/\/ambkualalumpur.esteri.it\/wp-content\/uploads\/2024\/01\/atto-di-assenso-ITALIANO-e-INGLESE.pdf\"><strong>Modulo assenso<\/strong><\/a><\/p>\n<p><strong>5) \u00c8 possibile chiedere l\u2019appuntamento per i miei figli minori?<\/strong><br \/>\nS\u00ec. In fase di prenotazione dell\u2019appuntamento bisogner\u00e0 compilare il campo \u201cNOTE\u201d con i dettagli dei figli minori. Sar\u00e0 possibile con un\u2019unica richiesta prenotare un appuntamento fino a un massimo di 2 persone.<\/p>\n<p><strong>6) \u00c8 possibile chiedere l\u2019appuntamento per conto del coniuge?<\/strong><br \/>\nNo. Il coniuge dovr\u00e0 prenotarsi l\u2019appuntamento autonomamente.<\/p>\n<p><strong>7) Qual \u00e8 la documentazione necessaria da portare con s\u00e9 al momento dell\u2019appuntamento per richiedere la CIE?<\/strong><br \/>\nNormalmente il richiedente deve presentarsi munito di:<br \/>\n1. Una <strong>fototessera<\/strong> a norma biometrica <a href=\"https:\/\/conslondra.esteri.it\/wp-content\/uploads\/2022\/08\/photograph_guidelines_it.pdf\"><strong>conforme agli standard internazionali ICAO<\/strong><\/a> (recente, frontale, a sfondo bianco, a colori formato 35 x 45 mm);<br \/>\n2. <strong>Carta di identit\u00e0 precedente<\/strong>, anche se scaduta. <strong>In caso di prima emissione, portare un documento di riconoscimento (anche se scaduto) o due testimoni;<\/strong><br \/>\n3. In caso di smarrimento\/furto della precedente carta, portare <strong>denuncia scritta rilasciata dalla polizia locale<\/strong>;<br \/>\n4. <strong>Atto di assenso di entrambi genitori<\/strong> nel caso in cui il richiedente sia un minore di 18 anni (v. punto 11);<br \/>\n5. Euro 21,95 per il rilascio oppure euro 27,11 per il duplicato (<strong>pagabili solo in ringgit malese e in contanti<\/strong>);<\/p>\n<p><strong>8) Quali sono le operazioni che saranno effettuate il giorno dell\u2019appuntamento?<\/strong><br \/>\nIl giorno dell\u2019appuntamento, l\u2019operatore consolare acquisisce la documentazione indicata al punto precedente, effettua il riconoscimento e la verifica della foto ed acquisisce le impronte digitali e la firma (salvo per i minori di anni 12).<br \/>\nAnche i minori di et\u00e0 inferiore ai 12 anni devono essere presenti, perch\u00e9 \u00e8 necessaria la loro identificazione da parte del funzionario dell\u2019ufficio.<\/p>\n<p><strong>9) Come si riceve la Carta d\u2019identit\u00e0 elettronica?<\/strong><br \/>\nLa CIE \u00e8 emessa dal Ministero dell\u2019Interno e prodotta dall\u2019Istituto Poligrafico e Zecca dello Stato, che la spedisce, <strong>a mezzo posta raccomandata, all\u2019indirizzo di residenza dichiarato dal richiedente.<\/strong> Il connazionale potr\u00e0 seguire la spedizione autonomamente online, attraverso il codice di tracciamento. In caso di mancata consegna, scaduto il termine di giacenza presso l\u2019ufficio postale il plico viene restituito all\u2019Ufficio consolare.<\/p>\n<p><strong>10) Quanto tempo vale la carta d\u2019identit\u00e0?<\/strong><br \/>\nLa validit\u00e0 della carta d\u2019identit\u00e0 varia a seconda dell\u2019et\u00e0 del titolare ed \u00e8 di:<br \/>\n\u2022 3 anni per i minori di et\u00e0 compresa tra 0 e 3 anni;<br \/>\n\u2022 5 anni per i minori di et\u00e0 compresa tra 3 e 18 anni;<br \/>\n\u2022 10 anni per persone di et\u00e0 superiore ai 18 anni.<\/p>\n<p><strong>11) Cos\u2019\u00e8 l\u2019atto di assenso?<\/strong><br \/>\nIn caso di richiesta per un minore, l\u2019atto di assenso dovr\u00e0 essere compilato e firmato da entrambi i genitori.<br \/>\nL\u2019assenso \u00e8 necessario anche in caso di genitori non sposati, separati o divorziati.<br \/>\n\u2022 Se uno dei genitori \u00e8 cittadino extra UE (incluso cittadini Britannici) il modulo di richiesta va firmato alla presenza del funzionario dell\u2019Ambasciata. Se il genitore si trova in un Paese diverso da Italia e Malaysia, dovr\u00e0 firmare il modulo presso un ufficio consolare italiano nel Paese in cui si trova.<br \/>\n\u2022 In caso di decesso di uno dei genitori, dovr\u00e0 essere presentata una copia del certificato di morte.<\/p>\n<p><strong>12) Devo chiedere una nuova carta se cambio indirizzo?<\/strong><br \/>\nNo. La carta d\u2019identit\u00e0 \u00e8 un documento di identit\u00e0 e non di residenza. Non \u00e8 pertanto possibile\/necessario aggiornare l\u2019indirizzo su una carta valida.<\/p>\n<p>1<strong>3) \u00c8 possibile per le donne sposate inserire il cognome del marito?<\/strong><br \/>\nNo. La carta d\u2019identit\u00e0 \u00e8 un documento di identit\u00e0 e non di stato civile.<br \/>\nNon \u00e8 pertanto possibile\/necessario inserire lo stato civile o il cognome di eventuali coniugi.<\/p>\n<p><strong>14) A partire da quando \u00e8 possibile richiedere la carta d\u2019identit\u00e0 elettronica (CIE)?<\/strong><br \/>\nSi pu\u00f2 fare richiesta di appuntamento per il rilascio della carta d\u2019identit\u00e0 elettronica a partire da gennaio 2024.<\/p>\n","protected":false},"excerpt":{"rendered":"A partire dal gennaio 2024 \u00e8 possibile prenotare l\u2019appuntamento per la richiesta di Carta di d\u2019identit\u00e0 elettronica (CIE) in formato tessera plastificata seguendo la procedura sotto descritta. La CIE \u00e8 emessa dal Ministero dell\u2019Interno e spedita dall\u2019Italia. 1) Che cos\u2019\u00e8 la carta d\u2019identit\u00e0 elettronica? La carta d\u2019identit\u00e0 \u00e8 un documento personale di riconoscimento valido per [&hellip;]","protected":false},"author":6,"featured_media":0,"parent":177,"menu_order":1,"comment_status":"closed","ping_status":"closed","template":"","meta":{"footnotes":""},"class_list":["post-1677","page","type-page","status-publish","hentry"],"_links":{"self":[{"href":"https:\/\/ambkualalumpur.esteri.it\/en\/wp-json\/wp\/v2\/pages\/1677","targetHints":{"allow":["GET"]}}],"collection":[{"href":"https:\/\/ambkualalumpur.esteri.it\/en\/wp-json\/wp\/v2\/pages"}],"about":[{"href":"https:\/\/ambkualalumpur.esteri.it\/en\/wp-json\/wp\/v2\/types\/page"}],"author":[{"embeddable":true,"href":"https:\/\/ambkualalumpur.esteri.it\/en\/wp-json\/wp\/v2\/users\/6"}],"replies":[{"embeddable":true,"href":"https:\/\/ambkualalumpur.esteri.it\/en\/wp-json\/wp\/v2\/comments?post=1677"}],"version-history":[{"count":6,"href":"https:\/\/ambkualalumpur.esteri.it\/en\/wp-json\/wp\/v2\/pages\/1677\/revisions"}],"predecessor-version":[{"id":3285,"href":"https:\/\/ambkualalumpur.esteri.it\/en\/wp-json\/wp\/v2\/pages\/1677\/revisions\/3285"}],"up":[{"embeddable":true,"href":"https:\/\/ambkualalumpur.esteri.it\/en\/wp-json\/wp\/v2\/pages\/177"}],"wp:attachment":[{"href":"https:\/\/ambkualalumpur.esteri.it\/en\/wp-json\/wp\/v2\/media?parent=1677"}],"curies":[{"name":"wp","href":"https:\/\/api.w.org\/{rel}","templated":true}]}}